{"id":146,"date":"2023-08-06T03:36:06","date_gmt":"2023-08-06T03:36:06","guid":{"rendered":"https:\/\/laboratorioalifehealth.com\/?page_id=146"},"modified":"2024-01-25T15:30:26","modified_gmt":"2024-01-25T15:30:26","slug":"biologia-molecular-2","status":"publish","type":"page","link":"https:\/\/laboratorioalifehealth.com\/?page_id=146","title":{"rendered":"Biolog\u00eda Molecular"},"content":{"rendered":"\n[et_pb_section fb_built=\u00bb1&#8243; admin_label=\u00bbHero\u00bb _builder_version=\u00bb4.22.1&#8243; background_image=\u00bbhttps:\/\/laboratorioalifehealth.com\/wp-content\/uploads\/2023\/08\/PORTADA-Biologia-Molecular.png\u00bb custom_padding=\u00bb0|0px|559px|0px|false|false\u00bb bottom_divider_height=\u00bb0px\u00bb hover_enabled=\u00bb0&#8243; border_width_bottom=\u00bb1px\u00bb border_color_bottom=\u00bb#efefef\u00bb global_colors_info=\u00bb{}\u00bb title_text=\u00bbPORTADA Biolog\u00eda Molecular\u00bb sticky_enabled=\u00bb0&#8243;][\/et_pb_section][et_pb_section fb_built=\u00bb1&#8243; admin_label=\u00bbWhy Us Section\u00bb _builder_version=\u00bb4.16&#8243; background_color=\u00bb#f1f5f7&#8243; custom_padding=\u00bb0|0px|0|0px|true|false\u00bb border_radii=\u00bb||15vw||\u00bb locked=\u00bboff\u00bb global_colors_info=\u00bb{}\u00bb][et_pb_row column_structure=\u00bb1_2,1_2&#8243; custom_padding_last_edited=\u00bbon|tablet\u00bb admin_label=\u00bbContent Area\u00bb _builder_version=\u00bb4.16&#8243; width=\u00bb100%\u00bb max_width=\u00bb100%\u00bb custom_margin=\u00bb|||\u00bb custom_margin_tablet=\u00bb||0px|\u00bb custom_margin_phone=\u00bb\u00bb custom_margin_last_edited=\u00bbon|desktop\u00bb custom_padding=\u00bb0|0px|95px|0px|false|false\u00bb custom_padding_tablet=\u00bb||27px|\u00bb custom_padding_phone=\u00bb\u00bb use_custom_width=\u00bbon\u00bb width_unit=\u00bboff\u00bb custom_width_percent=\u00bb100%\u00bb global_colors_info=\u00bb{}\u00bb][et_pb_column type=\u00bb1_2&#8243; _builder_version=\u00bb4.16&#8243; custom_padding=\u00bb|||\u00bb custom_padding_tablet=\u00bb0px|50px|50px|50px\u00bb custom_padding_last_edited=\u00bboff|desktop\u00bb global_colors_info=\u00bb{}\u00bb padding_tablet=\u00bb0px|50px|50px|50px\u00bb padding_last_edited=\u00bboff|desktop\u00bb custom_padding__hover=\u00bb|||\u00bb][et_pb_image src=\u00bbhttps:\/\/laboratorioalifehealth.com\/wp-content\/uploads\/2023\/08\/QUIENES-SOMOS-HOME.png\u00bb title_text=\u00bbQUIENES SOMOS HOME\u00bb force_fullwidth=\u00bbon\u00bb align_tablet=\u00bbcenter\u00bb align_phone=\u00bbcenter\u00bb align_last_edited=\u00bbon|desktop\u00bb _builder_version=\u00bb4.21.2&#8243; custom_margin=\u00bb|||\u00bb custom_padding=\u00bb|||\u00bb animation_style=\u00bbslide\u00bb animation_direction=\u00bbleft\u00bb animation_intensity_slide=\u00bb5%\u00bb border_radii=\u00bb||30px|15vw|\u00bb border_color_all=\u00bb#2f8cff\u00bb border_width_bottom=\u00bb2vw\u00bb box_shadow_style=\u00bbpreset3&#8243; box_shadow_vertical=\u00bb30px\u00bb box_shadow_blur=\u00bb80px\u00bb box_shadow_spread=\u00bb-30px\u00bb box_shadow_color=\u00bbrgba(102,141,186,0.7)\u00bb global_colors_info=\u00bb{}\u00bb][\/et_pb_image][\/et_pb_column][et_pb_column type=\u00bb1_2&#8243; _builder_version=\u00bb4.16&#8243; custom_padding=\u00bb5%|14%|5%|\u00bb custom_padding_tablet=\u00bb50px|50px|50px|50px|true|true\u00bb custom_padding_phone=\u00bb50px|50px|50px|50px|true|true\u00bb custom_padding_last_edited=\u00bbon|tablet\u00bb global_colors_info=\u00bb{}\u00bb padding_tablet=\u00bb50px|50px|50px|50px|true|true\u00bb padding_last_edited=\u00bbon|tablet\u00bb custom_padding__hover=\u00bb|||\u00bb padding_phone=\u00bb50px|50px|50px|50px|true|true\u00bb][et_pb_text _builder_version=\u00bb4.22.1&#8243; text_font=\u00bbMontserrat|300|||||||\u00bb text_font_size=\u00bb16px\u00bb text_line_height=\u00bb1.8em\u00bb header_font=\u00bb||||||||\u00bb header_2_font=\u00bbMontserrat|300|||||||\u00bb header_2_font_size=\u00bb40px\u00bb header_2_line_height=\u00bb1.5em\u00bb max_width=\u00bb600px\u00bb custom_margin=\u00bb|||\u00bb custom_margin_tablet=\u00bb0px|50px||50px\u00bb custom_margin_last_edited=\u00bboff|desktop\u00bb custom_padding=\u00bb|||\u00bb header_2_font_size_tablet=\u00bb\u00bb header_2_font_size_phone=\u00bb30px\u00bb header_2_font_size_last_edited=\u00bbon|phone\u00bb global_colors_info=\u00bb{}\u00bb]<h2><strong>Biologia Molecular<\/strong><\/h2>[\/et_pb_text][et_pb_text _builder_version=\u00bb4.22.1&#8243; text_font=\u00bbMontserrat|300|||||||\u00bb text_font_size=\u00bb16px\u00bb text_line_height=\u00bb2em\u00bb link_font=\u00bb||||||||\u00bb ul_font=\u00bb||||||||\u00bb ol_font=\u00bb||||||||\u00bb quote_font=\u00bb||||||||\u00bb header_font=\u00bb||||||||\u00bb header_2_font=\u00bbMontserrat|300|||||||\u00bb header_2_text_color=\u00bb#212d3b\u00bb header_2_font_size=\u00bb40px\u00bb header_2_line_height=\u00bb1.5em\u00bb max_width=\u00bb600px\u00bb custom_margin=\u00bb|||\u00bb custom_margin_tablet=\u00bb0px|50px||50px\u00bb custom_margin_last_edited=\u00bboff|desktop\u00bb custom_padding=\u00bb|||\u00bb locked=\u00bboff\u00bb global_colors_info=\u00bb{}\u00bb]<p><span style=\"font-weight: 400;\">En nuestro Laboratorio Cl\u00ednico Alife Health, nos enorgullecemos de ofrecer servicios de vanguardia en el campo de la biolog\u00eda molecular y las pruebas de PCR (reacci\u00f3n en cadena de la polimerasa). Nuestra dedicaci\u00f3n a la excelencia cient\u00edfica y tecnol\u00f3gica nos ha posicionado como l\u00edderes en el diagn\u00f3stico preciso de enfermedades infecciosas, cambios gen\u00e9ticos y marcadores oncol\u00f3gicos.<\/span><\/p>[\/et_pb_text][\/et_pb_column][\/et_pb_row][et_pb_row column_structure=\u00bb1_2,1_2&#8243; _builder_version=\u00bb4.22.1&#8243; _module_preset=\u00bbdefault\u00bb custom_margin=\u00bb|auto|73px|auto||\u00bb global_colors_info=\u00bb{}\u00bb][et_pb_column type=\u00bb1_2&#8243; _builder_version=\u00bb4.22.1&#8243; _module_preset=\u00bbdefault\u00bb global_colors_info=\u00bb{}\u00bb][et_pb_text _builder_version=\u00bb4.22.1&#8243; _module_preset=\u00bbdefault\u00bb global_colors_info=\u00bb{}\u00bb]<h2><b>Diagn\u00f3stico Temprano y Preciso<\/b><\/h2>[\/et_pb_text][et_pb_text _builder_version=\u00bb4.22.1&#8243; _module_preset=\u00bbdefault\u00bb global_colors_info=\u00bb{}\u00bb]<p style=\"text-align: justify;\"><span style=\"font-weight: 400;\">Una de las ventajas m\u00e1s significativas de nuestras pruebas PCR es su capacidad para detectar signos de enfermedades en las etapas m\u00e1s tempranas de la infecci\u00f3n. Esto es esencial para un tratamiento eficaz y para minimizar el impacto de las enfermedades en la salud de nuestros pacientes. Desde el Virus del Papiloma Humano hasta enfermedades infecciosas y marcadores tumorales, nuestras pruebas PCR proporcionan resultados detallados y precisos.<\/span><\/p>[\/et_pb_text][\/et_pb_column][et_pb_column type=\u00bb1_2&#8243; _builder_version=\u00bb4.22.1&#8243; _module_preset=\u00bbdefault\u00bb global_colors_info=\u00bb{}\u00bb][et_pb_text _builder_version=\u00bb4.22.1&#8243; _module_preset=\u00bbdefault\u00bb global_colors_info=\u00bb{}\u00bb]<p><strong>Algunas de las Aplicaciones de Nuestro Servicio de Biolog\u00eda Molecular Incluyen:<\/strong><\/p>\n<p><b>Diagn\u00f3stico de Virus del Papiloma Humano (VPH):<\/b><span style=\"font-weight: 400;\"> Identificar la presencia de cepas de VPH de alto riesgo, lo que es crucial para la prevenci\u00f3n del c\u00e1ncer cervical y otras enfermedades relacionadas.<\/span><\/p>\n<p><b>Detecci\u00f3n de Virus Emergentes:<\/b><span style=\"font-weight: 400;\"> Nuestra tecnolog\u00eda de PCR nos permite detectar r\u00e1pida y eficazmente virus emergentes, como la Viruela S\u00edmica (Monkey Pox), contribuyendo a la vigilancia y el control de brotes.<\/span><\/p>\n<p><b>Marcadores Tumorales:<\/b><span style=\"font-weight: 400;\"> Evaluamos marcadores gen\u00e9ticos espec\u00edficos que pueden indicar la presencia de c\u00e1ncer u otras condiciones malignas, permitiendo un diagn\u00f3stico temprano y un enfoque de tratamiento m\u00e1s preciso.<\/span><\/p>\n<p><b>Cargas Virales:<\/b><span style=\"font-weight: 400;\"> Medimos la cantidad de virus presente en una muestra, lo que es esencial para el manejo y la monitorizaci\u00f3n de enfermedades virales cr\u00f3nicas como el VIH.<\/span><\/p>[\/et_pb_text][\/et_pb_column][\/et_pb_row][\/et_pb_section][et_pb_section fb_built=\u00bb1&#8243; admin_label=\u00bbServices\u00bb _builder_version=\u00bb4.22.1&#8243; background_color=\u00bb#f1f5f7&#8243; custom_padding=\u00bb100px|0px|100px|0px|true|false\u00bb border_radii=\u00bb|15vw|||\u00bb global_colors_info=\u00bb{}\u00bb][et_pb_row custom_padding_last_edited=\u00bboff|desktop\u00bb admin_label=\u00bbText Area\u00bb _builder_version=\u00bb4.16&#8243; custom_padding=\u00bb|||\u00bb custom_padding_tablet=\u00bb100px||50px|\u00bb global_colors_info=\u00bb{}\u00bb][et_pb_column type=\u00bb4_4&#8243; _builder_version=\u00bb4.16&#8243; custom_padding=\u00bb|||\u00bb global_colors_info=\u00bb{}\u00bb custom_padding__hover=\u00bb|||\u00bb][et_pb_text _builder_version=\u00bb4.21.2&#8243; text_font=\u00bbMontserrat|300|||||||\u00bb text_font_size=\u00bb16px\u00bb text_line_height=\u00bb1.8em\u00bb ul_font=\u00bb||||||||\u00bb ol_font=\u00bb||||||||\u00bb header_font=\u00bb||||||||\u00bb header_2_font=\u00bbMontserrat|300|||||||\u00bb header_2_font_size=\u00bb40px\u00bb header_2_line_height=\u00bb1.5em\u00bb text_orientation=\u00bbcenter\u00bb max_width=\u00bb600px\u00bb module_alignment=\u00bbcenter\u00bb custom_margin=\u00bb||4px|||\u00bb custom_margin_tablet=\u00bb0px|50px||50px\u00bb custom_margin_last_edited=\u00bboff|desktop\u00bb custom_padding=\u00bb|||\u00bb text_line_height_tablet=\u00bb1.8em\u00bb text_line_height_phone=\u00bb1.8em\u00bb text_line_height_last_edited=\u00bboff|desktop\u00bb header_2_font_size_tablet=\u00bb40px\u00bb header_2_font_size_phone=\u00bb30px\u00bb header_2_font_size_last_edited=\u00bbon|phone\u00bb global_colors_info=\u00bb{}\u00bb]<h2>Nuestra Tecnologia de punta PCR<\/h2>[\/et_pb_text][et_pb_text _builder_version=\u00bb4.22.1&#8243; text_font=\u00bbMontserrat|300|||||||\u00bb text_font_size=\u00bb16px\u00bb text_line_height=\u00bb2em\u00bb link_font=\u00bb||||||||\u00bb ul_font=\u00bb||||||||\u00bb ol_font=\u00bb||||||||\u00bb quote_font=\u00bb||||||||\u00bb header_font=\u00bb||||||||\u00bb header_2_font=\u00bbMontserrat|300|||||||\u00bb header_2_text_color=\u00bb#212d3b\u00bb header_2_font_size=\u00bb40px\u00bb header_2_line_height=\u00bb1.5em\u00bb text_orientation=\u00bbcenter\u00bb max_width=\u00bb600px\u00bb module_alignment=\u00bbcenter\u00bb custom_margin=\u00bb|||\u00bb custom_margin_tablet=\u00bb0px|50px||50px\u00bb custom_margin_last_edited=\u00bboff|desktop\u00bb custom_padding=\u00bb|||\u00bb locked=\u00bboff\u00bb global_colors_info=\u00bb{}\u00bb]<p>La PCR, o reacci\u00f3n en cadena de la polimerasa, ha revolucionado la forma en que diagnosticamos y comprendemos una variedad de condiciones m\u00e9dicas. Nuestra instalaci\u00f3n est\u00e1 equipada con la \u00faltima tecnolog\u00eda en equipos de PCR, permiti\u00e9ndonos realizar pruebas de alta precisi\u00f3n con resultados r\u00e1pidos y confiables.<\/p>[\/et_pb_text][\/et_pb_column][\/et_pb_row][\/et_pb_section][et_pb_section fb_built=\u00bb1&#8243; prev_background_color=\u00bb#f1f5f7&#8243; admin_label=\u00bbFooter\u00bb _builder_version=\u00bb4.21.2&#8243; background_color=\u00bb#00AEA5&#8243; custom_padding=\u00bb61px||24px||false|false\u00bb top_divider_style=\u00bbwave2&#8243; top_divider_height=\u00bb40px\u00bb top_divider_repeat=\u00bb0.5x\u00bb bottom_divider_style=\u00bbclouds2&#8243; bottom_divider_color=\u00bbrgba(255,255,255,0.08)\u00bb bottom_divider_height=\u00bb600px\u00bb bottom_divider_flip=\u00bbvertical\u00bb global_module=\u00bb133&#8243; saved_tabs=\u00bball\u00bb global_colors_info=\u00bb{}\u00bb][et_pb_row column_structure=\u00bb1_3,1_3,1_3&#8243; admin_label=\u00bbContent Area\u00bb _builder_version=\u00bb4.16&#8243; global_colors_info=\u00bb{}\u00bb][et_pb_column type=\u00bb1_3&#8243; _builder_version=\u00bb4.16&#8243; custom_padding=\u00bb|||\u00bb global_colors_info=\u00bb{}\u00bb custom_padding__hover=\u00bb|||\u00bb][et_pb_blurb title=\u00bb PBX:  7943134 &#8211; WhatsApp 24: +57 314 360 6436&#8243; use_icon=\u00bbon\u00bb font_icon=\u00bb&#xe090;||divi||400&#8243; icon_color=\u00bb#2f8cff\u00bb image_icon_background_color=\u00bb#ffffff\u00bb icon_placement=\u00bbleft\u00bb image_icon_width=\u00bb16px\u00bb content_max_width=\u00bb336px\u00bb _builder_version=\u00bb4.21.2&#8243; header_font=\u00bbMontserrat||||||||\u00bb header_text_color=\u00bb#ffffff\u00bb header_font_size=\u00bb20px\u00bb header_line_height=\u00bb1.7em\u00bb image_icon_custom_padding=\u00bb8px|8px|8px|8px|false|false\u00bb text_orientation=\u00bbcenter\u00bb max_width=\u00bb92%\u00bb module_alignment=\u00bbcenter\u00bb max_height=\u00bb1000px\u00bb border_radii_image=\u00bbon|100%|100%|100%|100%\u00bb icon_font_size=\u00bb16px\u00bb use_circle=\u00bbon\u00bb circle_color=\u00bb#ffffff\u00bb global_colors_info=\u00bb{}\u00bb image_icon_background_color__sticky_enabled=\u00bb#7EBEC5&#8243; image_icon_background_color__sticky=\u00bb#7EBEC5&#8243;][\/et_pb_blurb][\/et_pb_column][et_pb_column type=\u00bb1_3&#8243; _builder_version=\u00bb4.16&#8243; custom_padding=\u00bb|||\u00bb global_colors_info=\u00bb{}\u00bb custom_padding__hover=\u00bb|||\u00bb][et_pb_blurb title=\u00bbservicioalcliente@laboratorioalifehealth.com\u00bb use_icon=\u00bbon\u00bb font_icon=\u00bb&#xe076;||divi||400&#8243; icon_color=\u00bb#2f8cff\u00bb image_icon_background_color=\u00bb#ffffff\u00bb icon_placement=\u00bbleft\u00bb image_icon_width=\u00bb16px\u00bb _builder_version=\u00bb4.21.2&#8243; header_font=\u00bbMontserrat||||||||\u00bb header_text_color=\u00bb#ffffff\u00bb header_font_size=\u00bb20px\u00bb header_line_height=\u00bb1.7em\u00bb image_icon_custom_padding=\u00bb8px|8px|8px|8px|false|false\u00bb text_orientation=\u00bbcenter\u00bb border_radii_image=\u00bbon|100%|100%|100%|100%\u00bb icon_font_size=\u00bb16px\u00bb use_circle=\u00bbon\u00bb circle_color=\u00bb#ffffff\u00bb locked=\u00bboff\u00bb global_colors_info=\u00bb{}\u00bb image_icon_background_color__sticky_enabled=\u00bb#7EBEC5&#8243; image_icon_background_color__sticky=\u00bb#7EBEC5&#8243;][\/et_pb_blurb][\/et_pb_column][et_pb_column type=\u00bb1_3&#8243; _builder_version=\u00bb4.16&#8243; custom_padding=\u00bb|||\u00bb global_colors_info=\u00bb{}\u00bb custom_padding__hover=\u00bb|||\u00bb][et_pb_blurb title=\u00bbSede Usaqu\u00e9n: Cra 7c #125 \u2013 11 Piso 2 Bogot\u00e1\u00bb use_icon=\u00bbon\u00bb font_icon=\u00bb&#xe081;||divi||400&#8243; icon_color=\u00bb#2f8cff\u00bb image_icon_background_color=\u00bb#ffffff\u00bb icon_placement=\u00bbleft\u00bb image_icon_width=\u00bb16px\u00bb _builder_version=\u00bb4.21.2&#8243; header_font=\u00bbMontserrat||||||||\u00bb header_text_color=\u00bb#ffffff\u00bb header_font_size=\u00bb20px\u00bb header_line_height=\u00bb1.7em\u00bb image_icon_custom_padding=\u00bb8px|8px|8px|8px|false|false\u00bb text_orientation=\u00bbcenter\u00bb custom_margin=\u00bb||22px|||\u00bb custom_padding=\u00bb||0px|||\u00bb border_radii_image=\u00bbon|100%|100%|100%|100%\u00bb icon_font_size=\u00bb16px\u00bb use_circle=\u00bbon\u00bb circle_color=\u00bb#ffffff\u00bb locked=\u00bboff\u00bb global_colors_info=\u00bb{}\u00bb image_icon_background_color__sticky_enabled=\u00bb#7EBEC5&#8243; image_icon_background_color__sticky=\u00bb#7EBEC5&#8243;][\/et_pb_blurb][\/et_pb_column][\/et_pb_row][\/et_pb_section]\n","protected":false},"excerpt":{"rendered":"<p>Biologia MolecularEn nuestro Laboratorio Cl\u00ednico Alife Health, nos enorgullecemos de ofrecer servicios de vanguardia en el campo de la biolog\u00eda molecular y las pruebas de PCR (reacci\u00f3n en cadena de la polimerasa). Nuestra dedicaci\u00f3n a la excelencia cient\u00edfica y tecnol\u00f3gica nos ha posicionado como l\u00edderes en el diagn\u00f3stico preciso de enfermedades infecciosas, cambios gen\u00e9ticos y [&hellip;]<\/p>\n","protected":false},"author":1,"featured_media":0,"parent":0,"menu_order":0,"comment_status":"closed","ping_status":"closed","template":"","meta":{"_et_pb_use_builder":"on","_et_pb_old_content":"","_et_gb_content_width":"","footnotes":""},"class_list":["post-146","page","type-page","status-publish","hentry"],"yoast_head":"<!-- This site is optimized with the Yoast SEO plugin v21.5 - https:\/\/yoast.com\/wordpress\/plugins\/seo\/ -->\n<title>Biolog\u00eda Molecular | Laboratorio Cl\u00ednico Alife Health<\/title>\n<meta name=\"description\" content=\"Nuestro laboratorio de Biolog\u00eda Molecular est\u00e1 especializado para realizar ex\u00e1menes de alta complejidad a nivel molecular. \u00a1Conoce m\u00e1s aqu\u00ed!\" \/>\n<meta name=\"robots\" content=\"index, follow, max-snippet:-1, max-image-preview:large, max-video-preview:-1\" \/>\n<link rel=\"canonical\" href=\"https:\/\/laboratorioalifehealth.com\/?page_id=146\" \/>\n<meta property=\"og:locale\" content=\"es_ES\" \/>\n<meta property=\"og:type\" content=\"article\" \/>\n<meta property=\"og:title\" content=\"Biolog\u00eda Molecular | Laboratorio Cl\u00ednico Alife Health\" \/>\n<meta property=\"og:description\" content=\"Nuestro laboratorio de Biolog\u00eda Molecular est\u00e1 especializado para realizar ex\u00e1menes de alta complejidad a nivel molecular. \u00a1Conoce m\u00e1s aqu\u00ed!\" \/>\n<meta property=\"og:url\" content=\"https:\/\/laboratorioalifehealth.com\/?page_id=146\" \/>\n<meta property=\"og:site_name\" content=\"Laboratorio Cl\u00ednico Alife Health\" \/>\n<meta property=\"article:publisher\" content=\"https:\/\/www.facebook.com\/AlifehealthLab\" \/>\n<meta property=\"article:modified_time\" content=\"2024-01-25T15:30:26+00:00\" \/>\n<meta property=\"og:image\" content=\"https:\/\/laboratorioalifehealth.com\/wp-content\/uploads\/2023\/11\/genetic.png\" \/>\n\t<meta property=\"og:image:width\" content=\"1632\" \/>\n\t<meta property=\"og:image:height\" content=\"918\" \/>\n\t<meta property=\"og:image:type\" content=\"image\/png\" \/>\n<meta name=\"twitter:card\" content=\"summary_large_image\" \/>\n<meta name=\"twitter:label1\" content=\"Tiempo de lectura\" \/>\n\t<meta name=\"twitter:data1\" content=\"3 minutos\" \/>\n<script type=\"application\/ld+json\" class=\"yoast-schema-graph\">{\"@context\":\"https:\/\/schema.org\",\"@graph\":[{\"@type\":\"WebPage\",\"@id\":\"https:\/\/laboratorioalifehealth.com\/?page_id=146\",\"url\":\"https:\/\/laboratorioalifehealth.com\/?page_id=146\",\"name\":\"Biolog\u00eda Molecular | Laboratorio Cl\u00ednico Alife Health\",\"isPartOf\":{\"@id\":\"https:\/\/laboratorioalifehealth.com\/#website\"},\"datePublished\":\"2023-08-06T03:36:06+00:00\",\"dateModified\":\"2024-01-25T15:30:26+00:00\",\"description\":\"Nuestro laboratorio de Biolog\u00eda Molecular est\u00e1 especializado para realizar ex\u00e1menes de alta complejidad a nivel molecular. \u00a1Conoce m\u00e1s aqu\u00ed!\",\"breadcrumb\":{\"@id\":\"https:\/\/laboratorioalifehealth.com\/?page_id=146#breadcrumb\"},\"inLanguage\":\"es\",\"potentialAction\":[{\"@type\":\"ReadAction\",\"target\":[\"https:\/\/laboratorioalifehealth.com\/?page_id=146\"]}]},{\"@type\":\"BreadcrumbList\",\"@id\":\"https:\/\/laboratorioalifehealth.com\/?page_id=146#breadcrumb\",\"itemListElement\":[{\"@type\":\"ListItem\",\"position\":1,\"name\":\"Portada\",\"item\":\"https:\/\/laboratorioalifehealth.com\/\"},{\"@type\":\"ListItem\",\"position\":2,\"name\":\"Biolog\u00eda Molecular\"}]},{\"@type\":\"WebSite\",\"@id\":\"https:\/\/laboratorioalifehealth.com\/#website\",\"url\":\"https:\/\/laboratorioalifehealth.com\/\",\"name\":\"Laboratorio Cl\u00ednico Alife Health\",\"description\":\"Laboratorio Cl\u00ednico Alife Health\",\"publisher\":{\"@id\":\"https:\/\/laboratorioalifehealth.com\/#organization\"},\"alternateName\":\"Alife Health\",\"potentialAction\":[{\"@type\":\"SearchAction\",\"target\":{\"@type\":\"EntryPoint\",\"urlTemplate\":\"https:\/\/laboratorioalifehealth.com\/?s={search_term_string}\"},\"query-input\":\"required name=search_term_string\"}],\"inLanguage\":\"es\"},{\"@type\":\"Organization\",\"@id\":\"https:\/\/laboratorioalifehealth.com\/#organization\",\"name\":\"Laboratorio Cl\u00ednico Alife Health\",\"alternateName\":\"Alife Health\",\"url\":\"https:\/\/laboratorioalifehealth.com\/\",\"logo\":{\"@type\":\"ImageObject\",\"inLanguage\":\"es\",\"@id\":\"https:\/\/laboratorioalifehealth.com\/#\/schema\/logo\/image\/\",\"url\":\"https:\/\/laboratorioalifehealth.com\/wp-content\/uploads\/2023\/11\/Logo-Alife-Health-Central.png\",\"contentUrl\":\"https:\/\/laboratorioalifehealth.com\/wp-content\/uploads\/2023\/11\/Logo-Alife-Health-Central.png\",\"width\":1080,\"height\":1141,\"caption\":\"Laboratorio Cl\u00ednico Alife Health\"},\"image\":{\"@id\":\"https:\/\/laboratorioalifehealth.com\/#\/schema\/logo\/image\/\"},\"sameAs\":[\"https:\/\/www.facebook.com\/AlifehealthLab\",\"https:\/\/www.instagram.com\/alifehealthlab\/\"]}]}<\/script>\n<!-- \/ Yoast SEO plugin. -->","yoast_head_json":{"title":"Biolog\u00eda Molecular | Laboratorio Cl\u00ednico Alife Health","description":"Nuestro laboratorio de Biolog\u00eda Molecular est\u00e1 especializado para realizar ex\u00e1menes de alta complejidad a nivel molecular. \u00a1Conoce m\u00e1s aqu\u00ed!","robots":{"index":"index","follow":"follow","max-snippet":"max-snippet:-1","max-image-preview":"max-image-preview:large","max-video-preview":"max-video-preview:-1"},"canonical":"https:\/\/laboratorioalifehealth.com\/?page_id=146","og_locale":"es_ES","og_type":"article","og_title":"Biolog\u00eda Molecular | Laboratorio Cl\u00ednico Alife Health","og_description":"Nuestro laboratorio de Biolog\u00eda Molecular est\u00e1 especializado para realizar ex\u00e1menes de alta complejidad a nivel molecular. \u00a1Conoce m\u00e1s aqu\u00ed!","og_url":"https:\/\/laboratorioalifehealth.com\/?page_id=146","og_site_name":"Laboratorio Cl\u00ednico Alife Health","article_publisher":"https:\/\/www.facebook.com\/AlifehealthLab","article_modified_time":"2024-01-25T15:30:26+00:00","og_image":[{"width":1632,"height":918,"url":"https:\/\/laboratorioalifehealth.com\/wp-content\/uploads\/2023\/11\/genetic.png","type":"image\/png"}],"twitter_card":"summary_large_image","twitter_misc":{"Tiempo de lectura":"3 minutos"},"schema":{"@context":"https:\/\/schema.org","@graph":[{"@type":"WebPage","@id":"https:\/\/laboratorioalifehealth.com\/?page_id=146","url":"https:\/\/laboratorioalifehealth.com\/?page_id=146","name":"Biolog\u00eda Molecular | Laboratorio Cl\u00ednico Alife Health","isPartOf":{"@id":"https:\/\/laboratorioalifehealth.com\/#website"},"datePublished":"2023-08-06T03:36:06+00:00","dateModified":"2024-01-25T15:30:26+00:00","description":"Nuestro laboratorio de Biolog\u00eda Molecular est\u00e1 especializado para realizar ex\u00e1menes de alta complejidad a nivel molecular. \u00a1Conoce m\u00e1s aqu\u00ed!","breadcrumb":{"@id":"https:\/\/laboratorioalifehealth.com\/?page_id=146#breadcrumb"},"inLanguage":"es","potentialAction":[{"@type":"ReadAction","target":["https:\/\/laboratorioalifehealth.com\/?page_id=146"]}]},{"@type":"BreadcrumbList","@id":"https:\/\/laboratorioalifehealth.com\/?page_id=146#breadcrumb","itemListElement":[{"@type":"ListItem","position":1,"name":"Portada","item":"https:\/\/laboratorioalifehealth.com\/"},{"@type":"ListItem","position":2,"name":"Biolog\u00eda Molecular"}]},{"@type":"WebSite","@id":"https:\/\/laboratorioalifehealth.com\/#website","url":"https:\/\/laboratorioalifehealth.com\/","name":"Laboratorio Cl\u00ednico Alife Health","description":"Laboratorio Cl\u00ednico Alife Health","publisher":{"@id":"https:\/\/laboratorioalifehealth.com\/#organization"},"alternateName":"Alife Health","potentialAction":[{"@type":"SearchAction","target":{"@type":"EntryPoint","urlTemplate":"https:\/\/laboratorioalifehealth.com\/?s={search_term_string}"},"query-input":"required name=search_term_string"}],"inLanguage":"es"},{"@type":"Organization","@id":"https:\/\/laboratorioalifehealth.com\/#organization","name":"Laboratorio Cl\u00ednico Alife Health","alternateName":"Alife Health","url":"https:\/\/laboratorioalifehealth.com\/","logo":{"@type":"ImageObject","inLanguage":"es","@id":"https:\/\/laboratorioalifehealth.com\/#\/schema\/logo\/image\/","url":"https:\/\/laboratorioalifehealth.com\/wp-content\/uploads\/2023\/11\/Logo-Alife-Health-Central.png","contentUrl":"https:\/\/laboratorioalifehealth.com\/wp-content\/uploads\/2023\/11\/Logo-Alife-Health-Central.png","width":1080,"height":1141,"caption":"Laboratorio Cl\u00ednico Alife Health"},"image":{"@id":"https:\/\/laboratorioalifehealth.com\/#\/schema\/logo\/image\/"},"sameAs":["https:\/\/www.facebook.com\/AlifehealthLab","https:\/\/www.instagram.com\/alifehealthlab\/"]}]}},"_links":{"self":[{"href":"https:\/\/laboratorioalifehealth.com\/index.php?rest_route=\/wp\/v2\/pages\/146","targetHints":{"allow":["GET"]}}],"collection":[{"href":"https:\/\/laboratorioalifehealth.com\/index.php?rest_route=\/wp\/v2\/pages"}],"about":[{"href":"https:\/\/laboratorioalifehealth.com\/index.php?rest_route=\/wp\/v2\/types\/page"}],"author":[{"embeddable":true,"href":"https:\/\/laboratorioalifehealth.com\/index.php?rest_route=\/wp\/v2\/users\/1"}],"replies":[{"embeddable":true,"href":"https:\/\/laboratorioalifehealth.com\/index.php?rest_route=%2Fwp%2Fv2%2Fcomments&post=146"}],"version-history":[{"count":8,"href":"https:\/\/laboratorioalifehealth.com\/index.php?rest_route=\/wp\/v2\/pages\/146\/revisions"}],"predecessor-version":[{"id":417,"href":"https:\/\/laboratorioalifehealth.com\/index.php?rest_route=\/wp\/v2\/pages\/146\/revisions\/417"}],"wp:attachment":[{"href":"https:\/\/laboratorioalifehealth.com\/index.php?rest_route=%2Fwp%2Fv2%2Fmedia&parent=146"}],"curies":[{"name":"wp","href":"https:\/\/api.w.org\/{rel}","templated":true}]}}